{"id":20,"date":"2020-12-18T16:08:22","date_gmt":"2020-12-18T15:08:22","guid":{"rendered":"http:\/\/bender.entstecken.de\/?page_id=20"},"modified":"2026-05-07T13:34:55","modified_gmt":"2026-05-07T12:34:55","slug":"videos","status":"publish","type":"page","link":"https:\/\/www.galerie-bender.de\/de\/videos\/","title":{"rendered":"Videos"},"content":{"rendered":"<div id=\"modal-ready\">\n<h2 class=\"wp-block-heading\">Rosa M Hessling<br>STILLER JUBEL &#8211; LICHT<\/h2>\n\n\n\n<figure class=\"wp-block-embed is-type-video is-provider-youtube wp-block-embed-youtube wp-embed-aspect-16-9 wp-has-aspect-ratio\"><div class=\"wp-block-embed__wrapper\">\n<iframe loading=\"lazy\" title=\"Rosa M Hessling\" width=\"580\" height=\"326\" src=\"https:\/\/www.youtube.com\/embed\/9u2t_YGnhbQ?feature=oembed\" frameborder=\"0\" allow=\"accelerometer; autoplay; clipboard-write; encrypted-media; gyroscope; picture-in-picture; web-share\" referrerpolicy=\"strict-origin-when-cross-origin\" allowfullscreen><\/iframe>\n<\/div><figcaption class=\"wp-element-caption\">Film zur Ausstellung <em>STILLER JUBEL &#8211; LICHT<\/em>, Neue Galerie und Museum im Haus Breda, Bitburg 2023<\/figcaption><\/figure>\n\n\n\n<hr class=\"wp-block-separator has-css-opacity\"\/>\n\n\n\n<h2 class=\"wp-block-heading\">Br\u00f6han Q &amp; A &#8211; Inge Dick &#8211; Das Ende der Malerei. Karl Hagemeister und die Malerei heute<\/h2>\n\n\n\n<p>Das spannende Interview des Kurators und Direktors des Br\u00f6han-Museums Dr. Tobias Hoffmann mit der K\u00fcnstlerin Inge Dick anl\u00e4sslich der Ausstellung in Berlin 2023 finden Sie hier:<\/p>\n\n\n\n<p><a href=\"https:\/\/youtu.be\/jCpMogJTnYU?si=8Vm4LgDx1ejiNyQ5\" target=\"_blank\" rel=\"noreferrer noopener\">https:\/\/youtu.be\/jCpMogJTnYU?si=8Vm4LgDx1ejiNyQ5<\/a><\/p>\n\n\n\n<hr class=\"wp-block-separator has-alpha-channel-opacity\"\/>\n\n\n\n<h2 class=\"wp-block-heading\">Material und Struktur. Alfred Haberpointner &#8211; Peter Weber<\/h2>\n\n\n\n<figure class=\"wp-block-embed is-type-video is-provider-youtube wp-block-embed-youtube wp-embed-aspect-16-9 wp-has-aspect-ratio\"><div class=\"wp-block-embed__wrapper\">\n<iframe loading=\"lazy\" title=\"Material und Struktur. Alfred Haberpointner - Peter Weber\" width=\"580\" height=\"326\" src=\"https:\/\/www.youtube.com\/embed\/DfQgYINfFOs?feature=oembed\" frameborder=\"0\" allow=\"accelerometer; autoplay; clipboard-write; encrypted-media; gyroscope; picture-in-picture; web-share\" referrerpolicy=\"strict-origin-when-cross-origin\" allowfullscreen><\/iframe>\n<\/div><figcaption class=\"wp-element-caption\">Material und Struktur. Alfred Haberpointner &#8211; Peter Weber<br>Galerie Renate Bender, 23.4.-5.6.2021<br>Film von Bernhard Kreutzer<\/figcaption><\/figure>\n\n\n\n<hr class=\"wp-block-separator has-css-opacity\"\/>\n\n\n\n<h2 class=\"wp-block-heading\">Inge Dick. Ein Leben f\u00fcr das Licht<\/h2>\n\n\n\n<figure class=\"wp-block-embed is-type-video is-provider-youtube wp-block-embed-youtube wp-embed-aspect-16-9 wp-has-aspect-ratio\"><div class=\"wp-block-embed__wrapper\">\n<iframe loading=\"lazy\" title=\"Inge Dick. Ein Leben f\u00fcr das Licht \/ A Life for the Light\" width=\"580\" height=\"326\" src=\"https:\/\/www.youtube.com\/embed\/oOQGcFHRbFc?feature=oembed\" frameborder=\"0\" allow=\"accelerometer; autoplay; clipboard-write; encrypted-media; gyroscope; picture-in-picture; web-share\" referrerpolicy=\"strict-origin-when-cross-origin\" allowfullscreen><\/iframe>\n<\/div><figcaption class=\"wp-element-caption\">&#8222;Inge Dick. Ein Leben f\u00fcr das Licht \/ A Life for the Light&#8220;<br>Galerie Renate Bender, 15.1.-10.4.2021<br>Film von Bernhard Kreutzer<\/figcaption><\/figure>\n\n\n\n<hr class=\"wp-block-separator has-css-opacity\"\/>\n\n\n\n<h2 class=\"wp-block-heading\">Curated by&#8230; Erhard Witzel<\/h2>\n\n\n\n<figure class=\"wp-block-embed is-type-video is-provider-youtube wp-block-embed-youtube wp-embed-aspect-16-9 wp-has-aspect-ratio\"><div class=\"wp-block-embed__wrapper\">\n<iframe loading=\"lazy\" title=\"Curated by... Erhard Witzel\" width=\"580\" height=\"326\" src=\"https:\/\/www.youtube.com\/embed\/uwH6_HSRvTg?feature=oembed\" frameborder=\"0\" allow=\"accelerometer; autoplay; clipboard-write; encrypted-media; gyroscope; picture-in-picture; web-share\" referrerpolicy=\"strict-origin-when-cross-origin\" allowfullscreen><\/iframe>\n<\/div><figcaption class=\"wp-element-caption\">&#8222;Curated by&#8230; Erhard Witzel&#8220;<br>Galerie Renate Bender, 13.11.-19.12.2020<br>Film von Bernhard Kreutzer<\/figcaption><\/figure>\n\n\n\n<hr class=\"wp-block-separator has-css-opacity\"\/>\n\n\n\n<h2 class=\"wp-block-heading\">The Responsive Eye&#8217;s First and Second Generation<\/h2>\n\n\n\n<figure class=\"wp-block-embed is-type-video is-provider-youtube wp-block-embed-youtube wp-embed-aspect-16-9 wp-has-aspect-ratio\"><div class=\"wp-block-embed__wrapper\">\n<iframe loading=\"lazy\" title=\"The Responsive Eye&#039;s First and Second Generation\" width=\"580\" height=\"326\" src=\"https:\/\/www.youtube.com\/embed\/IW7aLkPF5rY?feature=oembed\" frameborder=\"0\" allow=\"accelerometer; autoplay; clipboard-write; encrypted-media; gyroscope; picture-in-picture; web-share\" referrerpolicy=\"strict-origin-when-cross-origin\" allowfullscreen><\/iframe>\n<\/div><figcaption class=\"wp-element-caption\">&#8222;The Responsive Eye&#8217;s First and Second Generation&#8220;<br>Galerie Renate Bender, 11.9.-31.10.2020<br>Film von Bernhard Kreutzer<\/figcaption><\/figure>\n\n\n\n<hr class=\"wp-block-separator has-css-opacity\"\/>\n\n\n\n<h2 class=\"wp-block-heading\">Punkt und Linie zu Fl\u00e4che &#8211; frei nach Kandinsky<\/h2>\n\n\n\n<figure class=\"wp-block-embed is-type-video is-provider-youtube wp-block-embed-youtube wp-embed-aspect-16-9 wp-has-aspect-ratio\"><div class=\"wp-block-embed__wrapper\">\n<iframe loading=\"lazy\" title=\"Punkt und Linie zu Fl\u00e4che - frei nach Kandinsky\" width=\"580\" height=\"326\" src=\"https:\/\/www.youtube.com\/embed\/7h-bZm6OIig?feature=oembed\" frameborder=\"0\" allow=\"accelerometer; autoplay; clipboard-write; encrypted-media; gyroscope; picture-in-picture; web-share\" referrerpolicy=\"strict-origin-when-cross-origin\" allowfullscreen><\/iframe>\n<\/div><figcaption class=\"wp-element-caption\">&#8222;Punkt und Linie zu Fl\u00e4che&#8220;&nbsp;frei nach Kandinsky<br>Nicholas Bodde&nbsp;\u00b7&nbsp;Rosa M Hessling&nbsp;\u00b7&nbsp;Maria Lali\u0107&nbsp;\u00b7&nbsp;Heiner Thiel&nbsp;\u00b7&nbsp;Lars Strandh<br>Galerie Renate Bender,&nbsp;20.3. \u2013 1.8.2020<br>Film von  Bernhard Kreutzer<\/figcaption><\/figure>\n\n\n\n<hr class=\"wp-block-separator has-css-opacity\"\/>\n\n\n\n<h2 class=\"wp-block-heading\">Fluoridescent. Regine Schumann &#8211; Bill Thompson<\/h2>\n\n\n\n<figure class=\"wp-block-embed is-type-video is-provider-youtube wp-block-embed-youtube wp-embed-aspect-16-9 wp-has-aspect-ratio\"><div class=\"wp-block-embed__wrapper\">\n<iframe loading=\"lazy\" title=\"Fluoridescent: Regine Schumann - Bill Thompson\" width=\"580\" height=\"326\" src=\"https:\/\/www.youtube.com\/embed\/j8wmSkxouww?feature=oembed\" frameborder=\"0\" allow=\"accelerometer; autoplay; clipboard-write; encrypted-media; gyroscope; picture-in-picture; web-share\" referrerpolicy=\"strict-origin-when-cross-origin\" allowfullscreen><\/iframe>\n<\/div><figcaption class=\"wp-element-caption\">Fluoridescent. Regine Schumann &#8211; Bill Thompson<br>Galerie Renate Bender, 24.1.\u201314.3.2020<br>Film von Bernhard Kreutzer<\/figcaption><\/figure>\n\n\n\n<hr class=\"wp-block-separator has-css-opacity\"\/>\n\n\n\n<h2 class=\"wp-block-heading\">Edda Jachens<\/h2>\n\n\n\n<figure class=\"wp-block-embed is-type-video is-provider-youtube wp-block-embed-youtube\"><div class=\"wp-block-embed__wrapper\">\n<iframe loading=\"lazy\" title=\"Edda Jachens, Schicht um Schicht, Aquarelle\" width=\"580\" height=\"326\" src=\"https:\/\/www.youtube.com\/embed\/jdrAzo_vdxA?feature=oembed\" frameborder=\"0\" allow=\"accelerometer; autoplay; clipboard-write; encrypted-media; gyroscope; picture-in-picture; web-share\" referrerpolicy=\"strict-origin-when-cross-origin\" allowfullscreen><\/iframe>\n<\/div><figcaption class=\"wp-element-caption\"><br>\u00a9 VG Bild-Kunst, Bonn 2022&nbsp; \u00a9 Fotografen<\/figcaption><\/figure>\n\n\n\n<hr class=\"wp-block-separator has-css-opacity\"\/>\n\n\n\n<h2 class=\"wp-block-heading\">Peter Weber. Prinzip Ganzheit<\/h2>\n\n\n\n<figure class=\"wp-block-embed is-type-video is-provider-youtube wp-block-embed-youtube wp-embed-aspect-16-9 wp-has-aspect-ratio\"><div class=\"wp-block-embed__wrapper\">\n<iframe loading=\"lazy\" title=\"Peter Weber. Prinzip Ganzheit\" width=\"580\" height=\"326\" src=\"https:\/\/www.youtube.com\/embed\/ceaiRKXXcDA?feature=oembed\" frameborder=\"0\" allow=\"accelerometer; autoplay; clipboard-write; encrypted-media; gyroscope; picture-in-picture; web-share\" referrerpolicy=\"strict-origin-when-cross-origin\" allowfullscreen><\/iframe>\n<\/div><figcaption class=\"wp-element-caption\">Peter Weber. Prinzip Ganzheit &#8211; 2016<br>Film von Bernhard Kreutzer<\/figcaption><\/figure>\n\n\n\n<hr class=\"wp-block-separator has-css-opacity\"\/>\n\n\n\n<h2 class=\"wp-block-heading\">Nicolas Bodde<\/h2>\n\n\n\n<figure class=\"wp-block-embed is-type-video is-provider-youtube wp-block-embed-youtube wp-embed-aspect-16-9 wp-has-aspect-ratio\"><div class=\"wp-block-embed__wrapper\">\n<iframe loading=\"lazy\" title=\"Nicholas Bodde\" width=\"580\" height=\"326\" src=\"https:\/\/www.youtube.com\/embed\/Y6hlkZTHXsA?feature=oembed\" frameborder=\"0\" allow=\"accelerometer; autoplay; clipboard-write; encrypted-media; gyroscope; picture-in-picture; web-share\" referrerpolicy=\"strict-origin-when-cross-origin\" allowfullscreen><\/iframe>\n<\/div><figcaption class=\"wp-element-caption\">K\u00fcnstlervideo Nicolas Bodde&nbsp;<\/figcaption><\/figure>\n\n\n\n<hr class=\"wp-block-separator has-css-opacity\"\/>\n\n\n\n<h2 class=\"wp-block-heading\">Rosa M Hessling<\/h2>\n\n\n\n<figure class=\"wp-block-embed is-type-video is-provider-youtube wp-block-embed-youtube wp-embed-aspect-16-9 wp-has-aspect-ratio\"><div class=\"wp-block-embed__wrapper\">\n<iframe loading=\"lazy\" title=\"Rosa M Hessling\" width=\"580\" height=\"326\" src=\"https:\/\/www.youtube.com\/embed\/J_wqbmdMfEg?feature=oembed\" frameborder=\"0\" allow=\"accelerometer; autoplay; clipboard-write; encrypted-media; gyroscope; picture-in-picture; web-share\" referrerpolicy=\"strict-origin-when-cross-origin\" allowfullscreen><\/iframe>\n<\/div><figcaption class=\"wp-element-caption\">K\u00fcnstlervideo Rosa M Hessling<\/figcaption><\/figure>\n\n\n\n<hr class=\"wp-block-separator has-css-opacity\"\/>\n\n\n\n<h2 class=\"wp-block-heading\">Pfeifer &amp; Kreutzer<\/h2>\n\n\n\n<figure class=\"wp-block-embed is-type-video is-provider-vimeo wp-block-embed-vimeo wp-embed-aspect-16-9 wp-has-aspect-ratio\"><div class=\"wp-block-embed__wrapper\">\n<iframe loading=\"lazy\" title=\"ART KARLSRUHE \u2013 Anne Pfeifer\" src=\"https:\/\/player.vimeo.com\/video\/260465672?dnt=1&amp;app_id=122963\" width=\"580\" height=\"326\" frameborder=\"0\" allow=\"autoplay; fullscreen; picture-in-picture; clipboard-write; encrypted-media; web-share\" referrerpolicy=\"strict-origin-when-cross-origin\"><\/iframe>\n<\/div><figcaption class=\"wp-element-caption\">One artist show Anne Pfeifer, Art Karlsruhe 2018<\/figcaption><\/figure>\n\n\n\n<figure class=\"wp-block-embed is-type-video is-provider-vimeo wp-block-embed-vimeo wp-embed-aspect-16-9 wp-has-aspect-ratio\"><div class=\"wp-block-embed__wrapper\">\n<iframe loading=\"lazy\" title=\"2-PARTS \u2013 Pfeifer &amp; Kreutzer\" src=\"https:\/\/player.vimeo.com\/video\/394617774?dnt=1&amp;app_id=122963\" width=\"580\" height=\"326\" frameborder=\"0\" allow=\"autoplay; fullscreen; picture-in-picture; clipboard-write; encrypted-media; web-share\" referrerpolicy=\"strict-origin-when-cross-origin\"><\/iframe>\n<\/div><figcaption class=\"wp-element-caption\">2-PARTS<\/figcaption><\/figure>\n\n\n\n<hr class=\"wp-block-separator has-css-opacity\"\/>\n\n\n\n<h2 class=\"wp-block-heading\">Hans Schork<\/h2>\n\n\n\n<figure class=\"wp-block-embed is-type-video is-provider-youtube wp-block-embed-youtube wp-embed-aspect-16-9 wp-has-aspect-ratio\"><div class=\"wp-block-embed__wrapper\">\n<iframe loading=\"lazy\" title=\"Hans Schork, \u201eMELENTAN\u201d \u2013 2021\" width=\"580\" height=\"326\" src=\"https:\/\/www.youtube.com\/embed\/eRUg1v8Nn1I?feature=oembed\" frameborder=\"0\" allow=\"accelerometer; autoplay; clipboard-write; encrypted-media; gyroscope; picture-in-picture; web-share\" referrerpolicy=\"strict-origin-when-cross-origin\" allowfullscreen><\/iframe>\n<\/div><figcaption class=\"wp-element-caption\">Hans Schork, \u201eMELENTAN\u201d \u2013 2021<\/figcaption><\/figure>\n\n\n\n<hr class=\"wp-block-separator has-css-opacity\"\/>\n\n\n\n<h2 class=\"wp-block-heading\">Heiner Thiel<\/h2>\n\n\n\n<figure class=\"wp-block-embed is-type-video is-provider-youtube wp-block-embed-youtube wp-embed-aspect-16-9 wp-has-aspect-ratio\"><div class=\"wp-block-embed__wrapper\">\n<iframe loading=\"lazy\" title=\"Heiner Thiel\" width=\"580\" height=\"326\" src=\"https:\/\/www.youtube.com\/embed\/ZStLfD6eje0?feature=oembed\" frameborder=\"0\" allow=\"accelerometer; autoplay; clipboard-write; encrypted-media; gyroscope; picture-in-picture; web-share\" referrerpolicy=\"strict-origin-when-cross-origin\" allowfullscreen><\/iframe>\n<\/div><figcaption class=\"wp-element-caption\">K\u00fcnstlervideo&nbsp;Heiner Thiel<\/figcaption><\/figure>\n\n\n\n<hr class=\"wp-block-separator has-css-opacity\"\/>\n\n\n\n<h2 class=\"wp-block-heading\">Jeremy Thomas<\/h2>\n\n\n\n<figure class=\"wp-block-embed is-type-video is-provider-vimeo wp-block-embed-vimeo wp-embed-aspect-16-9 wp-has-aspect-ratio\"><div class=\"wp-block-embed__wrapper\">\n<iframe loading=\"lazy\" title=\"The [ahr-tuh-zen] Project: Jeremy Thomas\" src=\"https:\/\/player.vimeo.com\/video\/86747290?dnt=1&amp;app_id=122963\" width=\"580\" height=\"326\" frameborder=\"0\" allow=\"autoplay; fullscreen; picture-in-picture; clipboard-write; encrypted-media; web-share\" referrerpolicy=\"strict-origin-when-cross-origin\"><\/iframe>\n<\/div><\/figure>\n\n\n\n<hr class=\"wp-block-separator has-css-opacity\"\/>\n\n\n\n<h2 class=\"wp-block-heading\">Peter Weber &#8211; Stahlfaltung 1<\/h2>\n\n\n\n<figure class=\"wp-block-embed is-type-video is-provider-youtube wp-block-embed-youtube wp-embed-aspect-16-9 wp-has-aspect-ratio\"><div class=\"wp-block-embed__wrapper\">\n<iframe loading=\"lazy\" title=\"Peter Weber Stahlfaltung\" width=\"580\" height=\"326\" src=\"https:\/\/www.youtube.com\/embed\/ufycwBNJ_wk?feature=oembed\" frameborder=\"0\" allow=\"accelerometer; autoplay; clipboard-write; encrypted-media; gyroscope; picture-in-picture; web-share\" referrerpolicy=\"strict-origin-when-cross-origin\" allowfullscreen><\/iframe>\n<\/div><figcaption class=\"wp-element-caption\">Peter Weber &#8211; Stahlfaltung 1<\/figcaption><\/figure>\n\n\n\n<hr class=\"wp-block-separator has-css-opacity\"\/>\n\n\n\n<h2 class=\"wp-block-heading\">Peter Weber &#8211; Stahlfaltung 2<\/h2>\n\n\n\n<figure class=\"wp-block-embed is-type-video is-provider-youtube wp-block-embed-youtube wp-embed-aspect-16-9 wp-has-aspect-ratio\"><div class=\"wp-block-embed__wrapper\">\n<iframe loading=\"lazy\" title=\"Peter Weber - Stahlfaltung Nr. 2\" width=\"580\" height=\"326\" src=\"https:\/\/www.youtube.com\/embed\/rJsk2ZVSnI4?feature=oembed\" frameborder=\"0\" allow=\"accelerometer; autoplay; clipboard-write; encrypted-media; gyroscope; picture-in-picture; web-share\" referrerpolicy=\"strict-origin-when-cross-origin\" allowfullscreen><\/iframe>\n<\/div><figcaption class=\"wp-element-caption\">Peter Weber &#8211; Stahlfaltung 2<\/figcaption><\/figure>\n<\/div>","protected":false},"excerpt":{"rendered":"<p>Rosa M HesslingSTILLER JUBEL &#8211; LICHT Br\u00f6han Q &amp; A &#8211; Inge Dick &#8211; Das Ende der Malerei. Karl Hagemeister und die Malerei heute Das spannende Interview des Kurators und Direktors des Br\u00f6han-Museums Dr. Tobias Hoffmann mit der K\u00fcnstlerin Inge Dick anl\u00e4sslich der Ausstellung in Berlin 2023 finden Sie hier: https:\/\/youtu.be\/jCpMogJTnYU?si=8Vm4LgDx1ejiNyQ5 Material und Struktur. Alfred [&hellip;]<\/p>\n","protected":false},"author":2,"featured_media":0,"parent":0,"menu_order":0,"comment_status":"closed","ping_status":"closed","template":"","meta":{"_eb_attr":"","_uag_custom_page_level_css":"","footnotes":""},"class_list":["post-20","page","type-page","status-publish","hentry"],"acf":[],"uagb_featured_image_src":{"full":false,"thumbnail":false,"medium":false,"medium_large":false,"large":false,"1536x1536":false,"2048x2048":false,"trp-custom-language-flag":false,"square":false,"post-thumbnail":false,"twentytwenty-fullscreen":false},"uagb_author_info":{"display_name":"Alex Lignow","author_link":"https:\/\/www.galerie-bender.de\/de\/author\/lignow\/"},"uagb_comment_info":0,"uagb_excerpt":"Rosa M HesslingSTILLER JUBEL &#8211; LICHT Br\u00f6han Q &amp; A &#8211; Inge Dick &#8211; Das Ende der Malerei. Karl Hagemeister und die Malerei heute Das spannende Interview des Kurators und Direktors des Br\u00f6han-Museums Dr. Tobias Hoffmann mit der K\u00fcnstlerin Inge Dick anl\u00e4sslich der Ausstellung in Berlin 2023 finden Sie hier: https:\/\/youtu.be\/jCpMogJTnYU?si=8Vm4LgDx1ejiNyQ5 Material und Struktur. Alfred&hellip;","_links":{"self":[{"href":"https:\/\/www.galerie-bender.de\/de\/wp-json\/wp\/v2\/pages\/20","targetHints":{"allow":["GET"]}}],"collection":[{"href":"https:\/\/www.galerie-bender.de\/de\/wp-json\/wp\/v2\/pages"}],"about":[{"href":"https:\/\/www.galerie-bender.de\/de\/wp-json\/wp\/v2\/types\/page"}],"author":[{"embeddable":true,"href":"https:\/\/www.galerie-bender.de\/de\/wp-json\/wp\/v2\/users\/2"}],"replies":[{"embeddable":true,"href":"https:\/\/www.galerie-bender.de\/de\/wp-json\/wp\/v2\/comments?post=20"}],"version-history":[{"count":1,"href":"https:\/\/www.galerie-bender.de\/de\/wp-json\/wp\/v2\/pages\/20\/revisions"}],"predecessor-version":[{"id":8256,"href":"https:\/\/www.galerie-bender.de\/de\/wp-json\/wp\/v2\/pages\/20\/revisions\/8256"}],"wp:attachment":[{"href":"https:\/\/www.galerie-bender.de\/de\/wp-json\/wp\/v2\/media?parent=20"}],"curies":[{"name":"wp","href":"https:\/\/api.w.org\/{rel}","templated":true}]}}