{"id":295,"date":"2021-02-06T12:14:25","date_gmt":"2021-02-06T11:14:25","guid":{"rendered":"http:\/\/bender.pixxel-network.de\/?page_id=295"},"modified":"2021-04-19T15:57:29","modified_gmt":"2021-04-19T14:57:29","slug":"newsletter","status":"publish","type":"page","link":"https:\/\/www.galerie-bender.de\/de\/newsletter\/","title":{"rendered":"Newsletter"},"content":{"rendered":"<div id=\"modal-ready\">\n<p>Gerne informieren wir Sie regelm\u00e4\u00dfig \u00fcber unsere Ausstellungen und Aktivit\u00e4ten wie Messeteilnahmen, Vortr\u00e4ge etc. <\/p>\n\n\n\n<div class=\"wp-block-columns is-layout-flex wp-container-core-columns-is-layout-9d6595d7 wp-block-columns-is-layout-flex\">\n<div class=\"wp-block-column is-layout-flow wp-block-column-is-layout-flow\">\n<script>\nfunction loadjQuery(e,t){var n=document.createElement(\"script\");n.setAttribute(\"src\",e);n.onload=t;n.onreadystatechange=function(){if(this.readyState==\"complete\"||this.readyState==\"loaded\")t()};document.getElementsByTagName(\"head\")[0].appendChild(n)}function main(){\nvar $cr=jQuery.noConflict();var old_src;$cr(document).ready(function(){$cr(\".cr_form\").submit(function(){$cr(this).find('.clever_form_error').removeClass('clever_form_error');$cr(this).find('.clever_form_note').remove();$cr(this).find(\".musthave\").find('input, textarea').each(function(){if(jQuery.trim($cr(this).val())==\"\"||($cr(this).is(':checkbox'))||($cr(this).is(':radio'))){if($cr(this).is(':checkbox')||($cr(this).is(':radio'))){if(!$cr(this).parents(\".cr_ipe_item\").find(\":checked\").is(\":checked\")){$cr(this).parents(\".cr_ipe_item\").addClass('clever_form_error')}}else{$cr(this).addClass('clever_form_error')}}});if($cr(this).attr(\"action\").search(document.domain)>0&&$cr(\".cr_form\").attr(\"action\").search(\"wcs\")>0){var cr_email=$cr(this).find('input[name=email]');var unsub=false;if($cr(\"input['name=cr_subunsubscribe'][value='false']\").length){if($cr(\"input['name=cr_subunsubscribe'][value='false']\").is(\":checked\")){unsub=true}}if(cr_email.val()&&!unsub){$cr.ajax({type:\"GET\",url:$cr(\".cr_form\").attr(\"action\").replace(\"wcs\",\"check_email\")+$cr(this).find('input[name=email]').val(),success:function(data){if(data){cr_email.addClass('clever_form_error').before(\"<div class='clever_form_note cr_font'>\"+data+\"<\/div>\");return false}},async:false})}var cr_captcha=$cr(this).find('input[name=captcha]');if(cr_captcha.val()){$cr.ajax({type:\"GET\",url:$cr(\".cr_form\").attr(\"action\").replace(\"wcs\",\"check_captcha\")+$cr(this).find('input[name=captcha]').val(),success:function(data){if(data){cr_captcha.addClass('clever_form_error').after(\"<div style='display:block' class='clever_form_note cr_font'>\"+data+\"<\/div>\");return false}},async:false})}}if($cr(this).find('.clever_form_error').length){return false}return true});$cr('input[class*=\"cr_number\"]').change(function(){if(isNaN($cr(this).val())){$cr(this).val(1)}if($cr(this).attr(\"min\")){if(($cr(this).val()*1)<($cr(this).attr(\"min\")*1)){$cr(this).val($cr(this).attr(\"min\"))}}if($cr(this).attr(\"max\")){if(($cr(this).val()*1)>($cr(this).attr(\"max\")*1)){$cr(this).val($cr(this).attr(\"max\"))}}});old_src=$cr(\"div[rel='captcha'] img:not(.captcha2_reload)\").attr(\"src\");if($cr(\"div[rel='captcha'] img:not(.captcha2_reload)\").length!=0){captcha_reload()}});function captcha_reload(){var timestamp=new Date().getTime();$cr(\"div[rel='captcha'] img:not(.captcha2_reload)\").attr(\"src\",\"\");$cr(\"div[rel='captcha'] img:not(.captcha2_reload)\").attr(\"src\",old_src+\"?t=\"+timestamp);return false}\n\n}\nif(typeof jQuery===\"undefined\"){loadjQuery(\"\/\/ajax.googleapis.com\/ajax\/libs\/jquery\/1.4.2\/jquery.min.js\",main)}else{main()}\n\n<\/script>\n\n\n<style>\n* {box-sizing: border-box;}\n.cr-mail-responsive, .cr-mail-responsive * {box-sizing: unset;}\n.cr_site{margin:0;padding:75px 0 0 0;text-align:center;background-color:#eeeeee;}\n.cr_font{font-size: 14px;font-family: Arial;}\n.cr_page{width: 100% !important;max-width:640px}\n.cr_body{box-shadow: 0px 0px 14px 0px rgba(51,51,51,0.4);border-radius:8px;line-height:150%;font-family:Helvetica;font-size:12px;color:#333333;}\n.cr_body h2, .cr_header h2{font-size:22px;line-height:28px;margin:0 0 10px 0;}\n.cr_body h1, .cr_header h2{font-size:28px;margin-bottom:15px;padding:0;margin-top:0;}\n.wrapper, .cr_page{margin:0 auto 10px auto;text-align:left;}\n.cr_header{text-align:center;background: transparent !Important;}\n.cr_body label, .cr_body .label{float:none;clear:both;display:inline-block;width:auto;margin-top:8px;text-align:left;font-weight:bold;position:relative;}\n.cr_body .no-label{font-weight: normal;}\n.cr_body #editable_content{padding:20px;}\n.editable-content {padding:20px}\n.cr_button{display:inline-block;font-family:'Helvetica', Arial, sans-serif;width:auto;white-space:nowrap;height:32px;margin:5px 5px 0 0;padding:0 22px;text-decoration:none;text-align:center;font-weight:bold;font-style:normal;font-size:15px;line-height:32px;cursor:pointer;border:0;-moz-border-radius:4px;border-radius:4px;-webkit-border-radius:4px;vertical-align:top;}\n.cr_button{background-color:#333;color:#ffffff;}\n.cr_button:hover,.cr_button-small:hover{opacity:0.7;filter:alpha(opacity=70);}\n.powered{padding:20px 0;width:560px;margin:0 auto;}\n.cr_ipe_item label{line-height:150%;font-size:14px;}\n.cr_ipe_item textarea{background: none repeat scroll 0 0 #ffffff;border-radius:3px;border: 1px solid #ccc;font-family: Helvetica;font-size: 16px;}\n.cr_ipe_item input{background: none repeat scroll 0 0 #ffffff;border-radius:3px;border: 1px solid #ccc;padding: 12px;font-family: Helvetica;font-size: 16px;}\n.cr_ipe_item select{background: none repeat scroll 0 0 #ffffff;border-radius:3px;border: 1px solid #ccc;padding: 12px !Important;display: block;margin: 0;padding: 5px;width: 100%;font-family: Helvetica;font-size: 16px;}\n.cr_ipe_item input.cr_ipe_radio, input.cr_ipe_checkbox{-moz-binding: none;-moz-box-sizing: border-box;background-color: -moz-field !important;border: 2px inset ThreeDFace !important;color: -moz-fieldtext !important;cursor: default;height: 13px;padding: 0 !important;width: 13px;}\n.cr_ipe_item input.cr_ipe_radio{-moz-appearance: radio;border-radius: 100% 100% 100% 100% !important;margin: 3px 3px 0 5px;}\n.cr_ipe_item{margin: 0px 10px; padding: 0px 10px;}\n.submit_container{text-align:center}\n.cr_ipe_item.inactive{display:none;}\n.imprint{font-size:0.8em;}\n.cr_captcha{padding-left:130px;}\n.cr_error{font-size:1.1em;padding:10px;}\n.clever_form_error{background-color:#f99; color:#000; border:1px solid #f22 !important}\n.clever_form_note {margin:26px 0 0 3px;position:absolute;display:inline; padding: 2px 4px; font-weight:bold;background-color:#f2ecb5; color:#000; font-size:12px !important;  }\n.cr_form-flex{display: flex;}\n.cr_form-flex>.cr_form-inputgroup{flex-grow:1;margin-right: 5px;}\n.cr_form-flex>.cr_form-inputgroup:last-child{margin-right: 0px;}\n.cr_form-flex input{width:100%;}\n\n.cr_site {background-color:#eee;}\n.cr_header {color:#000000;}\n.cr_body {background-color:#ffffff;font-size:12px;color:#000000;}\n.cr_hr {background-color:#ccc;}\n.cr_site a {color:#0084ff;}\n.imprint{color:#000;}\n\n<\/style>\n\n\n<style id=\"style\">\n.cr_site {background-color:#eee;}\n.cr_body {color:#000000;background-color:#ffffff;}\n.cr_header {color:#000;}\n.cr_hr {background-color:#ccc;}\n.cr_site a {color:#0084ff;}\n.imprint {color:#333333;}\n.cr_page {width:auto;max-width:640px;}\n\n<\/style>\n\n\n\n<form class=\"layout_form cr_form cr_font\" action=\"https:\/\/seu2.cleverreach.com\/f\/273276-286049\/wcs\/\" method=\"post\" target=\"_blank\">\n\t<div class=\"cr_body cr_page cr_font formbox\">\n\t\t<div class=\"non_sortable\" style=\"text-align:left;\">\n\t\t\t\n\t\t<\/div>\n\t\t\n\t\t<div class=\"editable_content\" style=\"text-align:left;\">\n\t\t<div id=\"6288923\" rel=\"email\" class=\"cr_form-component cr_form-component--email cr_ipe_item ui-sortable musthave\" style=\"margin-bottom:15px;\">\n    <div class=\"cr_form-inputgroup cr_form-inputgroup--typeemail\">\n        <label for=\"text6288923\">E-Mail*<\/label>\n        <input class=\"cr_form-input\" type=\"email\" id=\"text6288923\" name=\"email\" value=\"\" placeholder=\"name@example.com\" style=\"width:100%;\">\n    <\/div>\n<\/div><div id=\"6428548\" rel=\"radio\" class=\"cr_form-component cr_form-component--group cr_form-component--radio cr_ipe_item ui-sortable\" style=\" margin-bottom:25px;\">\n    <span class=\"label cr_form-component--header\">Newsletter Sprache \/ Language<\/span>\n    <div class=\"cr_form-component--group\">\n    \n        <span class=\"cr_form-inputgroup cr_form-inputgroup--typeradio\">\n            <input id=\"Deutsch6428548\" class=\"cr_form-radio\" name=\"1172839\" type=\"radio\" value=\"Deutsch\" selected checked>\n            <label class=\"no-label\" for=\"Deutsch6428548\">Deutsch<\/label>\n        <\/span>&nbsp;\n    \n        <span class=\"cr_form-inputgroup cr_form-inputgroup--typeradio\">\n            <input id=\"English6428548\" class=\"cr_form-radio\" name=\"1172839\" type=\"radio\" value=\"English\" >\n            <label class=\"no-label\" for=\"English6428548\">English<\/label>\n        <\/span>&nbsp;\n    \n    <\/div>\n<\/div>\n<div id=\"6289015\" rel=\"recaptcha\" class=\"cr_ipe_item ui-sortable musthave\">\n\t\n\n\t\n\n\t<script src=\"https:\/\/www.google.com\/recaptcha\/api.js\" async defer><\/script>\n\t<br\/>\n\t<div id=\"recaptcha_v2_widget\" class=\"g-recaptcha\" data-theme=\"light\" data-size=\"normal\" data-sitekey=\"6Lfhcd0SAAAAAOBEHmAVEHJeRnrH8T7wPvvNzEPD\"  ><\/div>\n\t<br\/>\n\n\t\n<\/div><div id=\"6288925\" rel=\"button\" class=\"cr_form-component cr_form-component--submit cr_ipe_item ui-sortable  submit_container\">\n    <button type=\"submit\" class=\"cr_form-block cr_button\">Anmelden<\/button>\n<\/div>\n\n        <\/div>\n        \n\t<noscript><a href=\"http:\/\/www.cleverreach.de\">www.CleverReach.de<\/a><\/noscript>\n    <\/div>\n\n    \n<\/form>\n<\/div>\n<\/div>\n\n\n\n<p><\/p>\n<\/div>","protected":false},"excerpt":{"rendered":"<p>Gerne informieren wir Sie regelm\u00e4\u00dfig \u00fcber unsere Ausstellungen und Aktivit\u00e4ten wie Messeteilnahmen, Vortr\u00e4ge etc. E-Mail* Newsletter Sprache \/ Language Deutsch &nbsp; English &nbsp; Anmelden www.CleverReach.de<\/p>\n","protected":false},"author":2,"featured_media":0,"parent":0,"menu_order":0,"comment_status":"closed","ping_status":"closed","template":"","meta":{"_eb_attr":"","_uag_custom_page_level_css":"","footnotes":""},"class_list":["post-295","page","type-page","status-publish","hentry"],"acf":[],"uagb_featured_image_src":{"full":false,"thumbnail":false,"medium":false,"medium_large":false,"large":false,"1536x1536":false,"2048x2048":false,"trp-custom-language-flag":false,"square":false,"post-thumbnail":false,"twentytwenty-fullscreen":false},"uagb_author_info":{"display_name":"Alex Lignow","author_link":"https:\/\/www.galerie-bender.de\/de\/author\/lignow\/"},"uagb_comment_info":0,"uagb_excerpt":"Gerne informieren wir Sie regelm\u00e4\u00dfig \u00fcber unsere Ausstellungen und Aktivit\u00e4ten wie Messeteilnahmen, Vortr\u00e4ge etc. E-Mail* Newsletter Sprache \/ Language Deutsch &nbsp; English &nbsp; Anmelden www.CleverReach.de","_links":{"self":[{"href":"https:\/\/www.galerie-bender.de\/de\/wp-json\/wp\/v2\/pages\/295","targetHints":{"allow":["GET"]}}],"collection":[{"href":"https:\/\/www.galerie-bender.de\/de\/wp-json\/wp\/v2\/pages"}],"about":[{"href":"https:\/\/www.galerie-bender.de\/de\/wp-json\/wp\/v2\/types\/page"}],"author":[{"embeddable":true,"href":"https:\/\/www.galerie-bender.de\/de\/wp-json\/wp\/v2\/users\/2"}],"replies":[{"embeddable":true,"href":"https:\/\/www.galerie-bender.de\/de\/wp-json\/wp\/v2\/comments?post=295"}],"version-history":[{"count":0,"href":"https:\/\/www.galerie-bender.de\/de\/wp-json\/wp\/v2\/pages\/295\/revisions"}],"wp:attachment":[{"href":"https:\/\/www.galerie-bender.de\/de\/wp-json\/wp\/v2\/media?parent=295"}],"curies":[{"name":"wp","href":"https:\/\/api.w.org\/{rel}","templated":true}]}}