{"id":313,"date":"2021-02-06T12:20:25","date_gmt":"2021-02-06T11:20:25","guid":{"rendered":"http:\/\/bender.pixxel-network.de\/?page_id=313"},"modified":"2026-03-29T16:39:08","modified_gmt":"2026-03-29T15:39:08","slug":"sonderveranstaltungen","status":"publish","type":"page","link":"https:\/\/www.galerie-bender.de\/de\/sonderveranstaltungen\/","title":{"rendered":"Sonderveranstaltungen"},"content":{"rendered":"<div id=\"modal-ready\">\n<figure class=\"wp-block-image size-large is-resized\"><a href=\"https:\/\/www.galerie-bender.de\/wp-content\/uploads\/2026\/03\/Einladungskarte-Bender-Talk-2026.pdf\"><img loading=\"lazy\" decoding=\"async\" width=\"1024\" height=\"478\" src=\"https:\/\/www.galerie-bender.de\/wp-content\/uploads\/2026\/03\/Einladungskarte-Bender-Talk-2026-1-1024x478.jpg\" alt=\"Andreas Geyer. MONDSONNENWASSER\" class=\"wp-image-8188\" style=\"width:600px\" srcset=\"https:\/\/www.galerie-bender.de\/wp-content\/uploads\/2026\/03\/Einladungskarte-Bender-Talk-2026-1-1024x478.jpg 1024w, https:\/\/www.galerie-bender.de\/wp-content\/uploads\/2026\/03\/Einladungskarte-Bender-Talk-2026-1-300x140.jpg 300w, https:\/\/www.galerie-bender.de\/wp-content\/uploads\/2026\/03\/Einladungskarte-Bender-Talk-2026-1-768x359.jpg 768w, https:\/\/www.galerie-bender.de\/wp-content\/uploads\/2026\/03\/Einladungskarte-Bender-Talk-2026-1-18x8.jpg 18w, https:\/\/www.galerie-bender.de\/wp-content\/uploads\/2026\/03\/Einladungskarte-Bender-Talk-2026-1-1200x560.jpg 1200w, https:\/\/www.galerie-bender.de\/wp-content\/uploads\/2026\/03\/Einladungskarte-Bender-Talk-2026-1.jpg 1240w\" sizes=\"auto, (max-width: 1024px) 100vw, 1024px\" \/><\/a><\/figure>\n\n\n\n<p><strong>Lesung mit <strong>Andreas Geyer und Peter Assmann<\/strong><\/strong>.<br><strong><strong><strong>am Samstag, 25.4.2026 <\/strong><\/strong>um 15 Uhr<\/strong><\/p>\n\n\n\n<p>Andreas Geyer<br><strong>MONDSONNENWASSER. Eine Reise<\/strong><br>Mit Aquarellen und Zeichnungen von&nbsp;Fridhelm&nbsp;Klein&nbsp;<\/p>\n\n\n\n<p>\u201eMit dem Buch MONDSONNENWASSER nimmt uns Andreas Geyer mit auf eine zutiefst poetische Reise in weit ausgreifende Bildwelten. Seine sanft ber\u00fchrenden Worte umspielen profunde Bezugswelten, immer wieder in scheinbar gut Bekanntes eintauchend. Geyer zeigt eine enorme Bandbreite an lyrischen Formen und Themen, die aber immer einen unverwechselbaren Grundton erkennen lassen. Die Bildwerke von&nbsp;Fridhelm&nbsp;Klein sind dabei komplement\u00e4re Reisebegleiter.\u201c<br>Peter Assmann<\/p>\n\n\n\n<p>Verlag asman*ed Linz, Austria, Serie: Alibra 3. Signierte und nummerierte Vorzugsausgabe in 99 Exemplaren \u2013 mit einem handschriftlichen Motto-Gedicht.<\/p>\n\n\n\n<p>ISBN 978-3-951-9519976-5-0<br>94 Seiten. Preis: 29 Euro<\/p>\n\n\n\n<p>Andreas Geyer, geb. 1966<br>Studium der Literaturwissenschaft, Philosophie und Psychologie<br>Zahlreiche Publikationen zur Literatur und Kunst der Moderne, insbesondere zu Alfred Kubin. Langj\u00e4hriger Dozent f\u00fcr Literaturwissenschaft an der LMU M\u00fcnchen. Abteilungsleiter in der Kulturdirektion des&nbsp;Bayerischen Rundfunks.<\/p>\n\n\n\n<p>Fridhelm&nbsp;Klein,&nbsp;geb. 1938<br>Von 1969 bis 2004 Professor f\u00fcr Experimentelles Spiel und Medien an der Akademie der Bildenden K\u00fcnste, M\u00fcnchen.<\/p>\n\n\n<div class=\"n2-section-smartslider fitvidsignore  n2_clear\" data-ssid=\"172\" tabindex=\"0\" role=\"region\" aria-label=\"Slider\"><div id=\"n2-ss-172-align\" class=\"n2-ss-align\"><div class=\"n2-padding\"><div id=\"n2-ss-172\" data-creator=\"Smart Slider 3\" data-responsive=\"auto\" class=\"n2-ss-slider n2-ow n2-has-hover n2notransition  \">\n\n\n\n\n\n\n\n\n\n\n\n\n\n<div class=\"n2-ss-slider-wrapper-outside\" style=\"grid-template-rows:1fr auto\"><div class=\"n2-ss-slider-wrapper-inside\">\n        <div class=\"n2-ss-slider-1 n2_ss__touch_element n2-ow\">\n            <div class=\"n2-ss-slider-2 n2-ow\">\n                                                <div class=\"n2-ss-slider-3 n2-ow\">\n\n                    <div class=\"n2-ss-slide-backgrounds n2-ow-all\"><div class=\"n2-ss-slide-background\" data-public-id=\"1\" data-mode=\"fill\"><div class=\"n2-ss-slide-background-image\" data-blur=\"0\" data-opacity=\"100\" data-x=\"50\" data-y=\"50\" data-alt=\"Andreas Geyer. MONDSONNENWASSER\" data-title=\"\"><picture class=\"skip-lazy\" data-skip-lazy=\"1\"><img decoding=\"async\" src=\"\/\/www.galerie-bender.de\/wp-content\/uploads\/2026\/03\/IMG_9630-Kopie.jpg\" alt=\"Andreas Geyer. MONDSONNENWASSER\" title=\"\" loading=\"lazy\" class=\"skip-lazy\" data-skip-lazy=\"1\"><\/picture><\/div><div data-color=\"RGBA(255,255,255,0)\" style=\"background-color: RGBA(255,255,255,0);\" class=\"n2-ss-slide-background-color\"><\/div><\/div><div class=\"n2-ss-slide-background\" data-public-id=\"2\" data-mode=\"fill\" aria-hidden=\"true\"><div class=\"n2-ss-slide-background-image\" data-blur=\"0\" data-opacity=\"100\" data-x=\"50\" data-y=\"50\" data-alt=\"Andreas Geyer. MONDSONNENWASSER\" data-title=\"\"><picture class=\"skip-lazy\" data-skip-lazy=\"1\"><img decoding=\"async\" src=\"\/\/www.galerie-bender.de\/wp-content\/uploads\/2026\/03\/IMG_8799_bearb-1-scaled.jpg\" alt=\"Andreas Geyer. MONDSONNENWASSER\" title=\"\" loading=\"lazy\" class=\"skip-lazy\" data-skip-lazy=\"1\"><\/picture><\/div><div data-color=\"RGBA(255,255,255,0)\" style=\"background-color: RGBA(255,255,255,0);\" class=\"n2-ss-slide-background-color\"><\/div><\/div><div class=\"n2-ss-slide-background\" data-public-id=\"3\" data-mode=\"fill\" aria-hidden=\"true\"><div class=\"n2-ss-slide-background-image\" data-blur=\"0\" data-opacity=\"100\" data-x=\"50\" data-y=\"50\" data-alt=\"Andreas Geyer. MONDSONNENWASSER\" data-title=\"\"><picture class=\"skip-lazy\" data-skip-lazy=\"1\"><img decoding=\"async\" src=\"\/\/www.galerie-bender.de\/wp-content\/uploads\/2026\/03\/IMG_8796_bearb-1-scaled.jpg\" alt=\"Andreas Geyer. MONDSONNENWASSER\" title=\"\" loading=\"lazy\" class=\"skip-lazy\" data-skip-lazy=\"1\"><\/picture><\/div><div data-color=\"RGBA(255,255,255,0)\" style=\"background-color: RGBA(255,255,255,0);\" class=\"n2-ss-slide-background-color\"><\/div><\/div><\/div>                    <div class=\"n2-ss-slider-4 n2-ow\">\n                        <svg xmlns=\"http:\/\/www.w3.org\/2000\/svg\" viewBox=\"0 0 1920 1150\" data-related-device=\"desktopPortrait\" class=\"n2-ow n2-ss-preserve-size n2-ss-preserve-size--slider n2-ss-slide-limiter\"><\/svg><div data-first=\"1\" data-slide-duration=\"0\" data-id=\"4777\" data-slide-public-id=\"1\" data-title=\"Andreas Geyer. MONDSONNENWASSER\" class=\"n2-ss-slide n2-ow  n2-ss-slide-4777\"><div role=\"note\" class=\"n2-ss-slide--focus\" tabindex=\"-1\">Andreas Geyer. MONDSONNENWASSER<\/div><div class=\"n2-ss-layers-container n2-ss-slide-limiter n2-ow\"><div class=\"n2-ss-layer n2-ow n-uc-FkdrRXUbQ6mT\" data-sstype=\"slide\" data-pm=\"default\"><\/div><\/div><\/div><div data-slide-duration=\"0\" data-id=\"4778\" data-slide-public-id=\"2\" aria-hidden=\"true\" data-title=\"Andreas Geyer. MONDSONNENWASSER\" class=\"n2-ss-slide n2-ow  n2-ss-slide-4778\"><div role=\"note\" class=\"n2-ss-slide--focus\" tabindex=\"-1\">Andreas Geyer. MONDSONNENWASSER<\/div><div class=\"n2-ss-layers-container n2-ss-slide-limiter n2-ow\"><div class=\"n2-ss-layer n2-ow n-uc-PRsKHAnqBQCF\" data-sstype=\"slide\" data-pm=\"default\"><\/div><\/div><\/div><div data-slide-duration=\"0\" data-id=\"4779\" data-slide-public-id=\"3\" aria-hidden=\"true\" data-title=\"Andreas Geyer. MONDSONNENWASSER\" class=\"n2-ss-slide n2-ow  n2-ss-slide-4779\"><div role=\"note\" class=\"n2-ss-slide--focus\" tabindex=\"-1\">Andreas Geyer. MONDSONNENWASSER<\/div><div class=\"n2-ss-layers-container n2-ss-slide-limiter n2-ow\"><div class=\"n2-ss-layer n2-ow n-uc-4yRcydbCFPvS\" data-sstype=\"slide\" data-pm=\"default\"><\/div><\/div><\/div>                    <\/div>\n\n                                    <\/div>\n            <\/div>\n        <\/div>\n        <div class=\"n2-ss-slider-controls n2-ss-slider-controls-absolute-left-center\"><div style=\"--widget-offset:15px;\" class=\"n2-ss-widget nextend-arrow n2-ow-all nextend-arrow-previous  nextend-arrow-animated-fade\" data-hide-mobileportrait=\"1\" id=\"n2-ss-172-arrow-previous\" role=\"button\" aria-label=\"previous arrow\" tabindex=\"0\"><img loading=\"lazy\" decoding=\"async\" width=\"32\" height=\"32\" class=\"n2-arrow-normal-img skip-lazy\" data-skip-lazy=\"1\" src=\"data:image\/svg+xml;base64,PHN2ZyB3aWR0aD0iMzIiIGhlaWdodD0iMzIiIHZpZXdCb3g9IjAgMCAzMiAzMiIgeG1sbnM9Imh0dHA6Ly93d3cudzMub3JnLzIwMDAvc3ZnIj4KICAgIDxwYXRoIGQ9Ik0xMS40MzMgMTUuOTkyTDIyLjY5IDUuNzEyYy4zOTMtLjM5LjM5My0xLjAzIDAtMS40Mi0uMzkzLS4zOS0xLjAzLS4zOS0xLjQyMyAwbC0xMS45OCAxMC45NGMtLjIxLjIxLS4zLjQ5LS4yODUuNzYtLjAxNS4yOC4wNzUuNTYuMjg0Ljc3bDExLjk4IDEwLjk0Yy4zOTMuMzkgMS4wMy4zOSAxLjQyNCAwIC4zOTMtLjQuMzkzLTEuMDMgMC0xLjQybC0xMS4yNTctMTAuMjkiCiAgICAgICAgICBmaWxsPSIjY2VkM2Q1IiBvcGFjaXR5PSIxIiBmaWxsLXJ1bGU9ImV2ZW5vZGQiLz4KPC9zdmc+\" alt=\"previous arrow\"><img loading=\"lazy\" decoding=\"async\" width=\"32\" height=\"32\" class=\"n2-arrow-hover-img skip-lazy\" data-skip-lazy=\"1\" src=\"data:image\/svg+xml;base64,PHN2ZyB3aWR0aD0iMzIiIGhlaWdodD0iMzIiIHZpZXdCb3g9IjAgMCAzMiAzMiIgeG1sbnM9Imh0dHA6Ly93d3cudzMub3JnLzIwMDAvc3ZnIj4KICAgIDxwYXRoIGQ9Ik0xMS40MzMgMTUuOTkyTDIyLjY5IDUuNzEyYy4zOTMtLjM5LjM5My0xLjAzIDAtMS40Mi0uMzkzLS4zOS0xLjAzLS4zOS0xLjQyMyAwbC0xMS45OCAxMC45NGMtLjIxLjIxLS4zLjQ5LS4yODUuNzYtLjAxNS4yOC4wNzUuNTYuMjg0Ljc3bDExLjk4IDEwLjk0Yy4zOTMuMzkgMS4wMy4zOSAxLjQyNCAwIC4zOTMtLjQuMzkzLTEuMDMgMC0xLjQybC0xMS4yNTctMTAuMjkiCiAgICAgICAgICBmaWxsPSIjMDAwMDAwIiBvcGFjaXR5PSIxIiBmaWxsLXJ1bGU9ImV2ZW5vZGQiLz4KPC9zdmc+\" alt=\"previous arrow\"><\/div><\/div><div class=\"n2-ss-slider-controls n2-ss-slider-controls-absolute-right-center\"><div style=\"--widget-offset:15px;\" class=\"n2-ss-widget nextend-arrow n2-ow-all nextend-arrow-next  nextend-arrow-animated-fade\" data-hide-mobileportrait=\"1\" id=\"n2-ss-172-arrow-next\" role=\"button\" aria-label=\"next arrow\" tabindex=\"0\"><img loading=\"lazy\" decoding=\"async\" width=\"32\" height=\"32\" class=\"n2-arrow-normal-img skip-lazy\" data-skip-lazy=\"1\" src=\"data:image\/svg+xml;base64,PHN2ZyB3aWR0aD0iMzIiIGhlaWdodD0iMzIiIHZpZXdCb3g9IjAgMCAzMiAzMiIgeG1sbnM9Imh0dHA6Ly93d3cudzMub3JnLzIwMDAvc3ZnIj4KICAgIDxwYXRoIGQ9Ik0xMC43MjIgNC4yOTNjLS4zOTQtLjM5LTEuMDMyLS4zOS0xLjQyNyAwLS4zOTMuMzktLjM5MyAxLjAzIDAgMS40MmwxMS4yODMgMTAuMjgtMTEuMjgzIDEwLjI5Yy0uMzkzLjM5LS4zOTMgMS4wMiAwIDEuNDIuMzk1LjM5IDEuMDMzLjM5IDEuNDI3IDBsMTIuMDA3LTEwLjk0Yy4yMS0uMjEuMy0uNDkuMjg0LS43Ny4wMTQtLjI3LS4wNzYtLjU1LS4yODYtLjc2TDEwLjcyIDQuMjkzeiIKICAgICAgICAgIGZpbGw9IiNjZWQzZDUiIG9wYWNpdHk9IjEiIGZpbGwtcnVsZT0iZXZlbm9kZCIvPgo8L3N2Zz4=\" alt=\"next arrow\"><img loading=\"lazy\" decoding=\"async\" width=\"32\" height=\"32\" class=\"n2-arrow-hover-img skip-lazy\" data-skip-lazy=\"1\" src=\"data:image\/svg+xml;base64,PHN2ZyB3aWR0aD0iMzIiIGhlaWdodD0iMzIiIHZpZXdCb3g9IjAgMCAzMiAzMiIgeG1sbnM9Imh0dHA6Ly93d3cudzMub3JnLzIwMDAvc3ZnIj4KICAgIDxwYXRoIGQ9Ik0xMC43MjIgNC4yOTNjLS4zOTQtLjM5LTEuMDMyLS4zOS0xLjQyNyAwLS4zOTMuMzktLjM5MyAxLjAzIDAgMS40MmwxMS4yODMgMTAuMjgtMTEuMjgzIDEwLjI5Yy0uMzkzLjM5LS4zOTMgMS4wMiAwIDEuNDIuMzk1LjM5IDEuMDMzLjM5IDEuNDI3IDBsMTIuMDA3LTEwLjk0Yy4yMS0uMjEuMy0uNDkuMjg0LS43Ny4wMTQtLjI3LS4wNzYtLjU1LS4yODYtLjc2TDEwLjcyIDQuMjkzeiIKICAgICAgICAgIGZpbGw9IiMwMDAwMDAiIG9wYWNpdHk9IjEiIGZpbGwtcnVsZT0iZXZlbm9kZCIvPgo8L3N2Zz4=\" alt=\"next arrow\"><\/div><\/div><\/div><div class=\"n2-ss-slider-controls n2-ss-slider-controls-below\"><div class=\"n2-ss-widget nextend-bar nextend-bar-horizontal n2-ss-widget-hidden n2-ow-all\" style=\"text-align: left;width:100%;\"><div class=\"n2-style-820f7b4778ca78a56ddbfeafd970141f-simple \"><span class=\"n2-font-39b5f228affaae595a20733917c8ca6d-simple \">&nbsp;<\/span><\/div><\/div><\/div><\/div><\/div><ss3-loader><\/ss3-loader><\/div><\/div><div class=\"n2_clear\"><\/div><\/div>\n\n\n<hr class=\"wp-block-separator has-css-opacity\"\/>\n\n\n\n<figure class=\"wp-block-image size-large is-resized\"><a href=\"https:\/\/www.galerie-bender.de\/wp-content\/uploads\/2025\/09\/Einladungskarte-Bender-Talk-2025__web.pdf\"><img loading=\"lazy\" decoding=\"async\" width=\"1024\" height=\"478\" src=\"https:\/\/www.galerie-bender.de\/wp-content\/uploads\/2025\/10\/Einladungskarte-Bender-Talk-2025__web-1-Kopie-1024x478.jpg\" alt=\"Einladungskarte Bender Talk 2025\" class=\"wp-image-7919\" style=\"width:600px\" srcset=\"https:\/\/www.galerie-bender.de\/wp-content\/uploads\/2025\/10\/Einladungskarte-Bender-Talk-2025__web-1-Kopie-1024x478.jpg 1024w, https:\/\/www.galerie-bender.de\/wp-content\/uploads\/2025\/10\/Einladungskarte-Bender-Talk-2025__web-1-Kopie-300x140.jpg 300w, https:\/\/www.galerie-bender.de\/wp-content\/uploads\/2025\/10\/Einladungskarte-Bender-Talk-2025__web-1-Kopie-768x359.jpg 768w, https:\/\/www.galerie-bender.de\/wp-content\/uploads\/2025\/10\/Einladungskarte-Bender-Talk-2025__web-1-Kopie-18x8.jpg 18w, https:\/\/www.galerie-bender.de\/wp-content\/uploads\/2025\/10\/Einladungskarte-Bender-Talk-2025__web-1-Kopie-1200x560.jpg 1200w, https:\/\/www.galerie-bender.de\/wp-content\/uploads\/2025\/10\/Einladungskarte-Bender-Talk-2025__web-1-Kopie.jpg 1240w\" sizes=\"auto, (max-width: 1024px) 100vw, 1024px\" \/><\/a><\/figure>\n\n\n\n<p><\/p>\n\n\n\n<p>Helmut Dirnaichners j\u00fcngste Publikation \u201eHelmut Dirnaichner. Das Licht aus der Erde\u201c (HIRMER Verlag 03\/2025) wird gef\u00f6rdert durch:<\/p>\n\n\n\n<figure class=\"wp-block-image size-large is-resized\"><img loading=\"lazy\" decoding=\"async\" width=\"1024\" height=\"142\" src=\"https:\/\/www.galerie-bender.de\/wp-content\/uploads\/2024\/12\/KF-Logo_monochrom-3-1024x142.jpg\" alt=\"\" class=\"wp-image-7123\" style=\"width:292px;height:auto\" srcset=\"https:\/\/www.galerie-bender.de\/wp-content\/uploads\/2024\/12\/KF-Logo_monochrom-3-1024x142.jpg 1024w, https:\/\/www.galerie-bender.de\/wp-content\/uploads\/2024\/12\/KF-Logo_monochrom-3-300x42.jpg 300w, https:\/\/www.galerie-bender.de\/wp-content\/uploads\/2024\/12\/KF-Logo_monochrom-3-768x107.jpg 768w, https:\/\/www.galerie-bender.de\/wp-content\/uploads\/2024\/12\/KF-Logo_monochrom-3-1536x214.jpg 1536w, https:\/\/www.galerie-bender.de\/wp-content\/uploads\/2024\/12\/KF-Logo_monochrom-3-18x3.jpg 18w, https:\/\/www.galerie-bender.de\/wp-content\/uploads\/2024\/12\/KF-Logo_monochrom-3-1200x167.jpg 1200w, https:\/\/www.galerie-bender.de\/wp-content\/uploads\/2024\/12\/KF-Logo_monochrom-3.jpg 1920w\" sizes=\"auto, (max-width: 1024px) 100vw, 1024px\" \/><\/figure>\n\n\n\n<figure class=\"wp-block-image size-full is-resized\"><img loading=\"lazy\" decoding=\"async\" width=\"486\" height=\"208\" src=\"https:\/\/www.galerie-bender.de\/wp-content\/uploads\/2024\/12\/BKM_2017_Web2x_de_gross.gif\" alt=\"\" class=\"wp-image-7122\" style=\"width:293px;height:auto\"\/><\/figure>\n\n\n\n<hr class=\"wp-block-separator has-css-opacity\"\/>\n\n\n\n<figure class=\"wp-block-image size-large\"><a href=\"http:\/\/www.galerie-bender.de\/wp-content\/uploads\/2021\/04\/Einladungskarte-Bender-Talk-weiss_web.pdf\"><img loading=\"lazy\" decoding=\"async\" width=\"600\" height=\"280\" src=\"https:\/\/www.galerie-bender.de\/wp-content\/uploads\/2021\/04\/Einladungskarte-Bender-Talk-weiss_web.jpg\" alt=\"\" class=\"wp-image-2052\" srcset=\"https:\/\/www.galerie-bender.de\/wp-content\/uploads\/2021\/04\/Einladungskarte-Bender-Talk-weiss_web.jpg 600w, https:\/\/www.galerie-bender.de\/wp-content\/uploads\/2021\/04\/Einladungskarte-Bender-Talk-weiss_web-300x140.jpg 300w, https:\/\/www.galerie-bender.de\/wp-content\/uploads\/2021\/04\/Einladungskarte-Bender-Talk-weiss_web-16x7.jpg 16w\" sizes=\"auto, (max-width: 600px) 100vw, 600px\" \/><\/a><figcaption class=\"wp-element-caption\">Einladungskarte Bender Talk: WEISS &#8211; Vortrag mit Dr. Georg Kremer, 2019<\/figcaption><\/figure>\n\n\n\n<hr class=\"wp-block-separator has-css-opacity\"\/>\n\n\n\n<figure class=\"wp-block-image size-large\"><a href=\"http:\/\/www.galerie-bender.de\/wp-content\/uploads\/2021\/04\/Bender-Talk_Einladungskarte-Chiara-Antonietti.pdf\"><img loading=\"lazy\" decoding=\"async\" width=\"600\" height=\"284\" src=\"http:\/\/www.galerie-bender.de\/wp-content\/uploads\/2021\/04\/Bender-Talk_Einladungskarte-Chiara-Antonietti-1.jpg\" alt=\"\" class=\"wp-image-2058\" srcset=\"https:\/\/www.galerie-bender.de\/wp-content\/uploads\/2021\/04\/Bender-Talk_Einladungskarte-Chiara-Antonietti-1.jpg 600w, https:\/\/www.galerie-bender.de\/wp-content\/uploads\/2021\/04\/Bender-Talk_Einladungskarte-Chiara-Antonietti-1-300x142.jpg 300w, https:\/\/www.galerie-bender.de\/wp-content\/uploads\/2021\/04\/Bender-Talk_Einladungskarte-Chiara-Antonietti-1-16x8.jpg 16w\" sizes=\"auto, (max-width: 600px) 100vw, 600px\" \/><\/a><figcaption class=\"wp-element-caption\">Einladungskarte Bender Talk: Schmuckkunst aus Muranoglas mit Chiara Antonietti, 2018<\/figcaption><\/figure>\n\n\n\n<hr class=\"wp-block-separator has-css-opacity\"\/>\n\n\n\n<figure class=\"wp-block-image size-large\"><a href=\"http:\/\/www.galerie-bender.de\/wp-content\/uploads\/2021\/04\/Fifty-Shades_BenderTalk_Kremer-Vortrag.pdf\"><img loading=\"lazy\" decoding=\"async\" width=\"600\" height=\"280\" src=\"http:\/\/www.galerie-bender.de\/wp-content\/uploads\/2021\/04\/BenderTalk_Vortrag-Kremer.jpg\" alt=\"Einladungskarte Bender Talk: &quot;Fifty Shades of Red&quot; mit Dr. Georg Kremer\" class=\"wp-image-2063\" srcset=\"https:\/\/www.galerie-bender.de\/wp-content\/uploads\/2021\/04\/BenderTalk_Vortrag-Kremer.jpg 600w, https:\/\/www.galerie-bender.de\/wp-content\/uploads\/2021\/04\/BenderTalk_Vortrag-Kremer-300x140.jpg 300w, https:\/\/www.galerie-bender.de\/wp-content\/uploads\/2021\/04\/BenderTalk_Vortrag-Kremer-16x7.jpg 16w\" sizes=\"auto, (max-width: 600px) 100vw, 600px\" \/><\/a><figcaption class=\"wp-element-caption\">Einladungskarte Bender Talk: &#8222;Fifty Shades of Red&#8220; mit Dr. Georg Kremer, 2016<\/figcaption><\/figure>\n<\/div>","protected":false},"excerpt":{"rendered":"<p>Lesung mit Andreas Geyer und Peter Assmann.am Samstag, 25.4.2026 um 15 Uhr Andreas GeyerMONDSONNENWASSER. Eine ReiseMit Aquarellen und Zeichnungen von&nbsp;Fridhelm&nbsp;Klein&nbsp; \u201eMit dem Buch MONDSONNENWASSER nimmt uns Andreas Geyer mit auf eine zutiefst poetische Reise in weit ausgreifende Bildwelten. Seine sanft ber\u00fchrenden Worte umspielen profunde Bezugswelten, immer wieder in scheinbar gut Bekanntes eintauchend. Geyer zeigt eine [&hellip;]<\/p>\n","protected":false},"author":2,"featured_media":0,"parent":0,"menu_order":0,"comment_status":"closed","ping_status":"closed","template":"","meta":{"_eb_attr":"","_uag_custom_page_level_css":"","footnotes":""},"class_list":["post-313","page","type-page","status-publish","hentry"],"acf":[],"uagb_featured_image_src":{"full":false,"thumbnail":false,"medium":false,"medium_large":false,"large":false,"1536x1536":false,"2048x2048":false,"trp-custom-language-flag":false,"square":false,"post-thumbnail":false,"twentytwenty-fullscreen":false},"uagb_author_info":{"display_name":"Alex Lignow","author_link":"https:\/\/www.galerie-bender.de\/de\/author\/lignow\/"},"uagb_comment_info":0,"uagb_excerpt":"Lesung mit Andreas Geyer und Peter Assmann.am Samstag, 25.4.2026 um 15 Uhr Andreas GeyerMONDSONNENWASSER. Eine ReiseMit Aquarellen und Zeichnungen von&nbsp;Fridhelm&nbsp;Klein&nbsp; \u201eMit dem Buch MONDSONNENWASSER nimmt uns Andreas Geyer mit auf eine zutiefst poetische Reise in weit ausgreifende Bildwelten. Seine sanft ber\u00fchrenden Worte umspielen profunde Bezugswelten, immer wieder in scheinbar gut Bekanntes eintauchend. Geyer zeigt eine&hellip;","_links":{"self":[{"href":"https:\/\/www.galerie-bender.de\/de\/wp-json\/wp\/v2\/pages\/313","targetHints":{"allow":["GET"]}}],"collection":[{"href":"https:\/\/www.galerie-bender.de\/de\/wp-json\/wp\/v2\/pages"}],"about":[{"href":"https:\/\/www.galerie-bender.de\/de\/wp-json\/wp\/v2\/types\/page"}],"author":[{"embeddable":true,"href":"https:\/\/www.galerie-bender.de\/de\/wp-json\/wp\/v2\/users\/2"}],"replies":[{"embeddable":true,"href":"https:\/\/www.galerie-bender.de\/de\/wp-json\/wp\/v2\/comments?post=313"}],"version-history":[{"count":20,"href":"https:\/\/www.galerie-bender.de\/de\/wp-json\/wp\/v2\/pages\/313\/revisions"}],"predecessor-version":[{"id":8192,"href":"https:\/\/www.galerie-bender.de\/de\/wp-json\/wp\/v2\/pages\/313\/revisions\/8192"}],"wp:attachment":[{"href":"https:\/\/www.galerie-bender.de\/de\/wp-json\/wp\/v2\/media?parent=313"}],"curies":[{"name":"wp","href":"https:\/\/api.w.org\/{rel}","templated":true}]}}