{"id":291,"date":"2021-02-06T12:13:54","date_gmt":"2021-02-06T11:13:54","guid":{"rendered":"http:\/\/bender.pixxel-network.de\/?page_id=291"},"modified":"2022-09-08T12:52:06","modified_gmt":"2022-09-08T11:52:06","slug":"ueber-uns","status":"publish","type":"page","link":"https:\/\/www.galerie-bender.de\/en\/ueber-uns\/","title":{"rendered":"About Us"},"content":{"rendered":"<div id=\"modal-ready\">\n<p>Renate Bender Gallery was founded in 1987 and since April 2014 has been located at T\u00fcrkenstra\u00dfe 11 in Munich, in the neighborhood of the Pinakotheken. From the very beginning, the gallery has been dedicated to contemporary art with a focus on reduced forms of painting, photography and sculpture, mainly in the field of minimal, monochrome and concrete forms of expression with an international orientation.\u00a0<\/p>\n\n\n\n<p>The permanent artist roster, which has grown over the years, includes positions established on the art market as well as young talents. Each year, about five exhibitions are shown in the spacious gallery rooms in Munich's Kunstareal. The gallery is also regularly represented at national and international fairs. The gallery's own publication series now includes several dozen catalogs on artists and gallery exhibitions and, with its unmistakable look, has grown into a broad color fan. Another contribution to art education is the series of events \"Bender Talk\", which brings together experts from various fields as well as artists for joint discussions in the gallery. Renate Bender has been developing innovative exhibition concepts for art associations, public and private collections and museums since the early 1990s and advises collectors on building up their collections&nbsp;<\/p>\n\n\n\n<figure class=\"wp-block-image size-large\"><img loading=\"lazy\" decoding=\"async\" width=\"1024\" height=\"761\" src=\"http:\/\/www.galerie-bender.de\/wp-content\/uploads\/2021\/02\/IMG_E4247-1024x761.jpg\" alt=\"Renate Bender in der Ausstellung &quot;Fluoridescent&quot; mit Arbeiten von Bill Thompson 2020\" class=\"wp-image-325\" srcset=\"https:\/\/www.galerie-bender.de\/wp-content\/uploads\/2021\/02\/IMG_E4247-1024x761.jpg 1024w, https:\/\/www.galerie-bender.de\/wp-content\/uploads\/2021\/02\/IMG_E4247-300x223.jpg 300w, https:\/\/www.galerie-bender.de\/wp-content\/uploads\/2021\/02\/IMG_E4247-768x571.jpg 768w, https:\/\/www.galerie-bender.de\/wp-content\/uploads\/2021\/02\/IMG_E4247-1536x1142.jpg 1536w, https:\/\/www.galerie-bender.de\/wp-content\/uploads\/2021\/02\/IMG_E4247-2048x1523.jpg 2048w, https:\/\/www.galerie-bender.de\/wp-content\/uploads\/2021\/02\/IMG_E4247-1200x892.jpg 1200w, https:\/\/www.galerie-bender.de\/wp-content\/uploads\/2021\/02\/IMG_E4247-1980x1472.jpg 1980w\" sizes=\"auto, (max-width: 1024px) 100vw, 1024px\" \/><figcaption>Renate Bender in the exhibition \u201eFluoridescent\u201c with Bill Thompson's work 2020<\/figcaption><\/figure>\n<\/div>","protected":false},"excerpt":{"rendered":"<p>Die Galerie Renate Bender wurde 1987 gegr\u00fcndet und befindet sich seit April 2014 in der T\u00fcrkenstra\u00dfe 11 in M\u00fcnchen, in direkter Nachbarschaft zu den Pinakotheken.\u00a0Von Beginn an widmet sich die Galerie der zeitgen\u00f6ssischen Kunst mit der Ausrichtung auf reduzierte Formen der Malerei, Fotografie und Bildhauerei, vorwiegend im Bereich minimaler, monochromer und konkreter Ausdrucksformen mit internationaler [&hellip;]<\/p>\n","protected":false},"author":2,"featured_media":0,"parent":0,"menu_order":0,"comment_status":"closed","ping_status":"closed","template":"","meta":{"_eb_attr":"","_uag_custom_page_level_css":"","footnotes":""},"class_list":["post-291","page","type-page","status-publish","hentry"],"acf":[],"uagb_featured_image_src":{"full":false,"thumbnail":false,"medium":false,"medium_large":false,"large":false,"1536x1536":false,"2048x2048":false,"trp-custom-language-flag":false,"square":false,"post-thumbnail":false,"twentytwenty-fullscreen":false},"uagb_author_info":{"display_name":"Alex Lignow","author_link":"https:\/\/www.galerie-bender.de\/en\/author\/lignow\/"},"uagb_comment_info":0,"uagb_excerpt":"Die Galerie Renate Bender wurde 1987 gegr\u00fcndet und befindet sich seit April 2014 in der T\u00fcrkenstra\u00dfe 11 in M\u00fcnchen, in direkter Nachbarschaft zu den Pinakotheken.\u00a0Von Beginn an widmet sich die Galerie der zeitgen\u00f6ssischen Kunst mit der Ausrichtung auf reduzierte Formen der Malerei, Fotografie und Bildhauerei, vorwiegend im Bereich minimaler, monochromer und konkreter Ausdrucksformen mit internationaler&hellip;","_links":{"self":[{"href":"https:\/\/www.galerie-bender.de\/en\/wp-json\/wp\/v2\/pages\/291","targetHints":{"allow":["GET"]}}],"collection":[{"href":"https:\/\/www.galerie-bender.de\/en\/wp-json\/wp\/v2\/pages"}],"about":[{"href":"https:\/\/www.galerie-bender.de\/en\/wp-json\/wp\/v2\/types\/page"}],"author":[{"embeddable":true,"href":"https:\/\/www.galerie-bender.de\/en\/wp-json\/wp\/v2\/users\/2"}],"replies":[{"embeddable":true,"href":"https:\/\/www.galerie-bender.de\/en\/wp-json\/wp\/v2\/comments?post=291"}],"version-history":[{"count":0,"href":"https:\/\/www.galerie-bender.de\/en\/wp-json\/wp\/v2\/pages\/291\/revisions"}],"wp:attachment":[{"href":"https:\/\/www.galerie-bender.de\/en\/wp-json\/wp\/v2\/media?parent=291"}],"curies":[{"name":"wp","href":"https:\/\/api.w.org\/{rel}","templated":true}]}}