{"id":303,"date":"2021-02-06T12:15:49","date_gmt":"2021-02-06T11:15:49","guid":{"rendered":"http:\/\/bender.pixxel-network.de\/?page_id=303"},"modified":"2025-06-07T11:53:21","modified_gmt":"2025-06-07T10:53:21","slug":"impressum","status":"publish","type":"page","link":"https:\/\/www.galerie-bender.de\/en\/impressum\/","title":{"rendered":"Imprint"},"content":{"rendered":"<div id=\"modal-ready\">\n<p>\u00a9 Galerie Renate Bender, M\u00fcnchen<br>Owner: Renate Bender<br>T\u00fcrkenstra\u00dfe 11<br>D &#8211; 80333 M\u00dcNCHEN<br>E-Mail: office(a)galerie-bender.de<\/p>\n\n\n\n<p>Tel.: 089 \/ 30 72 81 07<br>Fax: 089 \/ 30 72 81 09<br>Steuer-Nr.: 117-285-50688<br>USt-IdNr lt. \u00a7 27a UStG: DE128106500<\/p>\n\n\n\n<p>Funded by:<\/p>\n\n\n\n<figure class=\"wp-block-image size-large is-resized\"><img loading=\"lazy\" decoding=\"async\" width=\"600\" height=\"587\" src=\"https:\/\/www.galerie-bender.de\/wp-content\/uploads\/2021\/02\/BKM_Neustart_Kultur_Wortmarke_pos_web.jpg\" alt=\"\" class=\"wp-image-328\" style=\"width:138px;height:135px\" srcset=\"https:\/\/www.galerie-bender.de\/wp-content\/uploads\/2021\/02\/BKM_Neustart_Kultur_Wortmarke_pos_web.jpg 600w, https:\/\/www.galerie-bender.de\/wp-content\/uploads\/2021\/02\/BKM_Neustart_Kultur_Wortmarke_pos_web-300x294.jpg 300w\" sizes=\"auto, (max-width: 600px) 100vw, 600px\" \/><\/figure>\n\n\n\n<figure class=\"wp-block-image size-large is-resized\"><img loading=\"lazy\" decoding=\"async\" width=\"600\" height=\"83\" src=\"https:\/\/www.galerie-bender.de\/wp-content\/uploads\/2021\/02\/KF-Logo_monochrom_web.jpg\" alt=\"\" class=\"wp-image-329\" style=\"width:344px;height:48px\" srcset=\"https:\/\/www.galerie-bender.de\/wp-content\/uploads\/2021\/02\/KF-Logo_monochrom_web.jpg 600w, https:\/\/www.galerie-bender.de\/wp-content\/uploads\/2021\/02\/KF-Logo_monochrom_web-300x42.jpg 300w\" sizes=\"auto, (max-width: 600px) 100vw, 600px\" \/><\/figure>\n\n\n\n<p><br>Realization of website:<br>IT Services &amp; Consulting Alexander Lignow<\/p>\n\n\n\n<p>Screendesign:<br>Appel Grafik M\u00fcnchen GmbH (2020)<\/p>\n\n\n\n<p>Disclaimer: Despite careful control of the content, we do not assume any liability for the content of external links. The operators of the linked pages are solely responsible for their content.<\/p>\n\n\n\n<p>The content of this website is protected by copyright. Any further use of the images and texts requires the express consent of Galerie Renate Bender.<\/p>\n<\/div>","protected":false},"excerpt":{"rendered":"<p>\u00a9 Galerie Renate Bender, M\u00fcnchenInhaberin Renate BenderT\u00fcrkenstra\u00dfe 11D &#8211; 80333 M\u00dcNCHENE-Mail: office(a)galerie-bender.de Tel.: 089 \/ 30 72 81 07Fax: 089 \/ 30 72 81 09Steuer-Nr.: 117-285-50688USt-IdNr lt. \u00a7 27a UStG: DE128106500 Gef\u00f6rdert durch: Realisierung Internetauftritt:IT Services &amp; Consulting Alexander Lignow Screendesign:Appel Grafik M\u00fcnchen GmbH (2020) Haftungshinweis: Trotz sorgf\u00e4ltiger inhaltlicher Kontrolle \u00fcbernehmen wir keine Haftung f\u00fcr [&hellip;]<\/p>\n","protected":false},"author":2,"featured_media":0,"parent":0,"menu_order":0,"comment_status":"closed","ping_status":"closed","template":"","meta":{"_eb_attr":"","_uag_custom_page_level_css":"","footnotes":""},"class_list":["post-303","page","type-page","status-publish","hentry"],"acf":[],"uagb_featured_image_src":{"full":false,"thumbnail":false,"medium":false,"medium_large":false,"large":false,"1536x1536":false,"2048x2048":false,"trp-custom-language-flag":false,"square":false,"post-thumbnail":false,"twentytwenty-fullscreen":false},"uagb_author_info":{"display_name":"Alex Lignow","author_link":"https:\/\/www.galerie-bender.de\/en\/author\/lignow\/"},"uagb_comment_info":0,"uagb_excerpt":"\u00a9 Galerie Renate Bender, M\u00fcnchenInhaberin Renate BenderT\u00fcrkenstra\u00dfe 11D &#8211; 80333 M\u00dcNCHENE-Mail: office(a)galerie-bender.de Tel.: 089 \/ 30 72 81 07Fax: 089 \/ 30 72 81 09Steuer-Nr.: 117-285-50688USt-IdNr lt. \u00a7 27a UStG: DE128106500 Gef\u00f6rdert durch: Realisierung Internetauftritt:IT Services &amp; Consulting Alexander Lignow Screendesign:Appel Grafik M\u00fcnchen GmbH (2020) Haftungshinweis: Trotz sorgf\u00e4ltiger inhaltlicher Kontrolle \u00fcbernehmen wir keine Haftung f\u00fcr&hellip;","_links":{"self":[{"href":"https:\/\/www.galerie-bender.de\/en\/wp-json\/wp\/v2\/pages\/303","targetHints":{"allow":["GET"]}}],"collection":[{"href":"https:\/\/www.galerie-bender.de\/en\/wp-json\/wp\/v2\/pages"}],"about":[{"href":"https:\/\/www.galerie-bender.de\/en\/wp-json\/wp\/v2\/types\/page"}],"author":[{"embeddable":true,"href":"https:\/\/www.galerie-bender.de\/en\/wp-json\/wp\/v2\/users\/2"}],"replies":[{"embeddable":true,"href":"https:\/\/www.galerie-bender.de\/en\/wp-json\/wp\/v2\/comments?post=303"}],"version-history":[{"count":1,"href":"https:\/\/www.galerie-bender.de\/en\/wp-json\/wp\/v2\/pages\/303\/revisions"}],"predecessor-version":[{"id":7546,"href":"https:\/\/www.galerie-bender.de\/en\/wp-json\/wp\/v2\/pages\/303\/revisions\/7546"}],"wp:attachment":[{"href":"https:\/\/www.galerie-bender.de\/en\/wp-json\/wp\/v2\/media?parent=303"}],"curies":[{"name":"wp","href":"https:\/\/api.w.org\/{rel}","templated":true}]}}